{"id":1455,"date":"2019-04-28T14:33:26","date_gmt":"2019-04-28T14:33:26","guid":{"rendered":"https:\/\/laboratorioflores.cl\/web\/?page_id=1455"},"modified":"2021-03-23T12:33:45","modified_gmt":"2021-03-23T12:33:45","slug":"poster-apgiv","status":"publish","type":"page","link":"https:\/\/laboratorioflores.cl\/web\/poster-apgiv\/","title":{"rendered":"P\u00f3ster APG IV"},"content":{"rendered":"<p><span style=\"font-size: 18pt;\">Precio especial&nbsp; $16.000&nbsp; 90 x 130 cm<\/span><\/p>\n<p>Impresi\u00f3n de p\u00f3ster <strong>APG IV<\/strong> en <strong>papel fotogr\u00e1fico 200gr<\/strong>.<\/p>\n<p>Pedidos en <strong><a href=\"https:\/\/laboratorioflores.cl\/web\/contacto\/\">Contacto<\/a><\/strong>.<\/p>\n<p>El p\u00f3ster <strong>APG IV<\/strong> fue dise\u00f1ado por Byng et al (2018) y puede ser libremente accedido en <a href=\"http:\/\/www.plantgateway.com\/poster\/\">http:\/\/www.plantgateway.com\/poster\/<\/a><\/p>\n<p>&nbsp;<\/p>\n<p>&nbsp;<\/p>\nngg_shortcode_0_placeholder\n<p style=\"text-align: center;\">&nbsp;<\/p>\n<p style=\"text-align: center;\"><span style=\"font-size: 12pt;\">&nbsp;<\/span><\/p>\n<p style=\"text-align: center;\"><span style=\"font-size: 12pt; font-style: normal;\">&nbsp;<\/span><\/p>\n<p>&nbsp;<\/p>\n<p>Ver <a href=\"https:\/\/laboratorioflores.cl\/web\/cuadritos-flores\/\"><strong>Cuadritos Flores<\/strong><\/a><\/p>\n","protected":false},"excerpt":{"rendered":"<p>Precio especial&nbsp; $16.000&nbsp; 90 x 130 cm Impresi\u00f3n de p\u00f3ster APG IV en papel fotogr\u00e1fico 200gr. Pedidos en Contacto. El p\u00f3ster APG IV fue dise\u00f1ado por Byng et al (2018) y puede ser libremente accedido en http:\/\/www.plantgateway.com\/poster\/ &nbsp; &nbsp; &#8221; order_by=&#8221;sortorder&#8221; order_direction=&#8221;ASC&#8221; returns=&#8221;included&#8221; maximum_entity_count=&#8221;500&#8243;] &nbsp; &nbsp; &nbsp; &nbsp; Ver Cuadritos Flores<\/p>\n","protected":false},"author":2,"featured_media":0,"parent":0,"menu_order":0,"comment_status":"closed","ping_status":"closed","template":"","meta":{"ngg_post_thumbnail":0,"footnotes":""},"_links":{"self":[{"href":"https:\/\/laboratorioflores.cl\/web\/wp-json\/wp\/v2\/pages\/1455"}],"collection":[{"href":"https:\/\/laboratorioflores.cl\/web\/wp-json\/wp\/v2\/pages"}],"about":[{"href":"https:\/\/laboratorioflores.cl\/web\/wp-json\/wp\/v2\/types\/page"}],"author":[{"embeddable":true,"href":"https:\/\/laboratorioflores.cl\/web\/wp-json\/wp\/v2\/users\/2"}],"replies":[{"embeddable":true,"href":"https:\/\/laboratorioflores.cl\/web\/wp-json\/wp\/v2\/comments?post=1455"}],"version-history":[{"count":68,"href":"https:\/\/laboratorioflores.cl\/web\/wp-json\/wp\/v2\/pages\/1455\/revisions"}],"predecessor-version":[{"id":2187,"href":"https:\/\/laboratorioflores.cl\/web\/wp-json\/wp\/v2\/pages\/1455\/revisions\/2187"}],"wp:attachment":[{"href":"https:\/\/laboratorioflores.cl\/web\/wp-json\/wp\/v2\/media?parent=1455"}],"curies":[{"name":"wp","href":"https:\/\/api.w.org\/{rel}","templated":true}]}}